{"id":70,"date":"2021-03-11T09:34:22","date_gmt":"2021-03-11T09:34:22","guid":{"rendered":"https:\/\/qos.hr\/?page_id=70"},"modified":"2022-10-25T20:06:17","modified_gmt":"2022-10-25T20:06:17","slug":"kontakt","status":"publish","type":"page","link":"https:\/\/qos.hr\/en\/kontakt\/","title":{"rendered":"Contact"},"content":{"rendered":"<p>[et_pb_section fb_built=&#8221;1&#8243; _builder_version=&#8221;4.9.1&#8243; _module_preset=&#8221;default&#8221; background_color=&#8221;gcid-d6449a91-22c7-4c6e-ad3a-8bb40e845f6a&#8221; min_height=&#8221;282px&#8221; custom_margin=&#8221;||||false|false&#8221; custom_padding=&#8221;||||false|false&#8221; global_colors_info=&#8221;{%22gcid-d6449a91-22c7-4c6e-ad3a-8bb40e845f6a%22:%91%22background_color%22%93}&#8221;][et_pb_row _builder_version=&#8221;4.9.1&#8243; _module_preset=&#8221;default&#8221; custom_margin=&#8221;|auto||auto|false|false&#8221; custom_padding=&#8221;||||false|false&#8221; global_colors_info=&#8221;{}&#8221;][et_pb_column type=&#8221;4_4&#8243; _builder_version=&#8221;4.9.1&#8243; _module_preset=&#8221;default&#8221; global_colors_info=&#8221;{}&#8221;][et_pb_text _builder_version=&#8221;4.9.1&#8243; _module_preset=&#8221;default&#8221; text_font=&#8221;Armata||||||||&#8221; text_text_color=&#8221;gcid-13dd02e0-e35c-4d4a-86ca-5f5e7bce527c&#8221; header_font=&#8221;Armata||||||||&#8221; header_text_color=&#8221;gcid-13dd02e0-e35c-4d4a-86ca-5f5e7bce527c&#8221; header_2_font=&#8221;Armata||||||||&#8221; header_2_text_color=&#8221;gcid-13dd02e0-e35c-4d4a-86ca-5f5e7bce527c&#8221; custom_margin=&#8221;||||false|false&#8221; custom_padding=&#8221;||||false|false&#8221; global_colors_info=&#8221;{%22gcid-13dd02e0-e35c-4d4a-86ca-5f5e7bce527c%22:%91%22text_text_color%22,%22header_text_color%22,%22header_2_text_color%22%93}&#8221;]<\/p>\n<h2><span style=\"font-size: 26px;\">ZAPRATITE NAS<\/span><\/h2>\n<p><span>Zapratite nas na dru\u0161tvenim mre\u017eama i budite prvi obavije\u0161teni o najnovijim doga\u0111ajima QoS svijeta.<\/span><\/p>\n<h2><\/h2>\n<h2><\/h2>\n<h2>KONTAKT<\/h2>\n<p><span>Kontaktirajte nas danas, pomo\u0107i \u0107emo Vam da na\u0111emo optimalno rje\u0161enje za Va\u0161 problem.<\/span><\/p>\n<p><span>Slobodno nas nazovite na 095\/556-1474.<\/span><\/p>\n<p>[\/et_pb_text][\/et_pb_column][\/et_pb_row][\/et_pb_section]<\/p>","protected":false},"excerpt":{"rendered":"<p>ZAPRATITE NAS Zapratite nas na dru\u0161tvenim mre\u017eama i budite prvi obavije\u0161teni o najnovijim doga\u0111ajima QoS svijeta. KONTAKT Kontaktirajte nas danas, pomo\u0107i \u0107emo Vam da na\u0111emo optimalno rje\u0161enje za Va\u0161 problem. Slobodno nas nazovite na 095\/556-1474.<\/p>","protected":false},"author":1,"featured_media":0,"parent":0,"menu_order":0,"comment_status":"closed","ping_status":"closed","template":"","meta":{"_et_pb_use_builder":"on","_et_pb_old_content":"","_et_gb_content_width":""},"_links":{"self":[{"href":"https:\/\/qos.hr\/en\/wp-json\/wp\/v2\/pages\/70"}],"collection":[{"href":"https:\/\/qos.hr\/en\/wp-json\/wp\/v2\/pages"}],"about":[{"href":"https:\/\/qos.hr\/en\/wp-json\/wp\/v2\/types\/page"}],"author":[{"embeddable":true,"href":"https:\/\/qos.hr\/en\/wp-json\/wp\/v2\/users\/1"}],"replies":[{"embeddable":true,"href":"https:\/\/qos.hr\/en\/wp-json\/wp\/v2\/comments?post=70"}],"version-history":[{"count":15,"href":"https:\/\/qos.hr\/en\/wp-json\/wp\/v2\/pages\/70\/revisions"}],"predecessor-version":[{"id":165,"href":"https:\/\/qos.hr\/en\/wp-json\/wp\/v2\/pages\/70\/revisions\/165"}],"wp:attachment":[{"href":"https:\/\/qos.hr\/en\/wp-json\/wp\/v2\/media?parent=70"}],"curies":[{"name":"wp","href":"https:\/\/api.w.org\/{rel}","templated":true}]}}