{"id":54,"date":"2021-03-11T09:27:45","date_gmt":"2021-03-11T09:27:45","guid":{"rendered":"https:\/\/qos.hr\/?page_id=54"},"modified":"2023-12-07T14:09:02","modified_gmt":"2023-12-07T14:09:02","slug":"cjenik","status":"publish","type":"page","link":"https:\/\/qos.hr\/en\/cjenik\/","title":{"rendered":"Price List"},"content":{"rendered":"<p>[et_pb_section fb_built=&#8221;1&#8243; _builder_version=&#8221;4.11.2&#8243; _module_preset=&#8221;default&#8221; background_color=&#8221;gcid-d6449a91-22c7-4c6e-ad3a-8bb40e845f6a&#8221; global_colors_info=&#8221;{%22gcid-d6449a91-22c7-4c6e-ad3a-8bb40e845f6a%22:%91%22background_color%22%93}&#8221;][et_pb_row _builder_version=&#8221;4.9.1&#8243; _module_preset=&#8221;default&#8221; custom_margin=&#8221;||||false|false&#8221; custom_padding=&#8221;||||false|false&#8221; global_colors_info=&#8221;{}&#8221;][et_pb_column type=&#8221;4_4&#8243; _builder_version=&#8221;4.9.1&#8243; _module_preset=&#8221;default&#8221; global_colors_info=&#8221;{}&#8221;][et_pb_text _builder_version=&#8221;4.14.7&#8243; _module_preset=&#8221;default&#8221; text_text_color=&#8221;gcid-13dd02e0-e35c-4d4a-86ca-5f5e7bce527c&#8221; header_4_font=&#8221;Armata||||||||&#8221; header_4_text_color=&#8221;gcid-13dd02e0-e35c-4d4a-86ca-5f5e7bce527c&#8221; min_height=&#8221;85px&#8221; custom_margin=&#8221;||||false|false&#8221; custom_padding=&#8221;||||false|false&#8221; hover_enabled=&#8221;0&#8243; global_colors_info=&#8221;{%22gcid-13dd02e0-e35c-4d4a-86ca-5f5e7bce527c%22:%91%22text_text_color%22,%22header_4_text_color%22%93}&#8221; sticky_enabled=&#8221;0&#8243;]<\/p>\n<h4>Ovdje mo\u017eete prona\u0107i cijene na\u0161ih osnovnih usluga.<\/h4>\n<p>&nbsp;<\/p>\n<table border=\"1\" style=\"border-collapse: collapse; width: 100%; height: 96px;\">\n<tbody>\n<tr>\n<td style=\"width: 62.7055%;\"><span style=\"font-weight: 400;\">Radni sat servisa &#8211; dijagnostika<\/span><\/td>\n<td style=\"width: 37.2945%;\">226,04 kn \/ 30,00 \u20ac<\/td>\n<\/tr>\n<tr style=\"height: 24px;\">\n<td style=\"width: 62.7055%; height: 24px;\"><span style=\"font-weight: 400;\">Radni sat servisa (zamjena neispravnih dijelova ili \u010di\u0161\u0107enje)<\/span><\/td>\n<td style=\"width: 37.2945%; height: 24px;\">301,38 kn \/ 40,00 \u20ac<\/td>\n<\/tr>\n<tr style=\"height: 24px;\">\n<td style=\"width: 62.7055%; height: 24px;\"><span style=\"font-weight: 400;\">Instalacija i a\u017euriranje operativnog sustava (s postoje\u0107om licencom)<\/span><\/td>\n<td style=\"width: 37.2945%; height: 24px;\">226,04 kn \/ 30,00 \u20ac<\/td>\n<\/tr>\n<tr style=\"height: 24px;\">\n<td style=\"width: 62.7055%; height: 24px;\"><span style=\"font-weight: 400;\">Instalacija MS Office paketa (s postoje\u0107om licencom)<\/span><\/td>\n<td style=\"width: 37.2945%; height: 24px;\">226,04 kn \/ 30,00 \u20ac<\/td>\n<\/tr>\n<tr style=\"height: 24px;\">\n<td style=\"width: 62.7055%; height: 24px;\"><span style=\"font-weight: 400;\">Sastavljanje i testiranje ra\u010dunala<\/span><\/td>\n<td style=\"width: 37.2945%; height: 24px;\">226,04 kn \/ 30,00 \u20ac<\/td>\n<\/tr>\n<\/tbody>\n<\/table>\n<p><span style=\"font-weight: 400;\"><\/span><\/p>\n<p><em>Oslobo\u0111eno pla\u0107anja PDV-a temeljem odredbe \u010dl. 90. st. 2. Zakona o porezu na dodanu vrijednost (NN 73\/13)<\/em><\/p>\n<p><em><span>Fiksni te\u010daj konverzije kune u euro:\u00a0<\/span><strong>1 euro = 7,53450 kuna<\/strong><\/em><\/p>\n<p><em><\/em><\/p>\n<p>[\/et_pb_text][\/et_pb_column][\/et_pb_row][\/et_pb_section]<\/p>","protected":false},"excerpt":{"rendered":"<p>Ovdje mo\u017eete prona\u0107i cijene na\u0161ih osnovnih usluga. &nbsp; Radni sat servisa &#8211; dijagnostika 226,04 kn \/ 30,00 \u20ac Radni sat servisa (zamjena neispravnih dijelova ili \u010di\u0161\u0107enje) 301,38 kn \/ 40,00 \u20ac Instalacija i a\u017euriranje operativnog sustava (s postoje\u0107om licencom) 226,04 kn \/ 30,00 \u20ac Instalacija MS Office paketa (s postoje\u0107om licencom) 226,04 kn \/ 30,00 [&hellip;]<\/p>","protected":false},"author":1,"featured_media":0,"parent":0,"menu_order":0,"comment_status":"closed","ping_status":"closed","template":"","meta":{"_et_pb_use_builder":"on","_et_pb_old_content":"","_et_gb_content_width":""},"_links":{"self":[{"href":"https:\/\/qos.hr\/en\/wp-json\/wp\/v2\/pages\/54"}],"collection":[{"href":"https:\/\/qos.hr\/en\/wp-json\/wp\/v2\/pages"}],"about":[{"href":"https:\/\/qos.hr\/en\/wp-json\/wp\/v2\/types\/page"}],"author":[{"embeddable":true,"href":"https:\/\/qos.hr\/en\/wp-json\/wp\/v2\/users\/1"}],"replies":[{"embeddable":true,"href":"https:\/\/qos.hr\/en\/wp-json\/wp\/v2\/comments?post=54"}],"version-history":[{"count":19,"href":"https:\/\/qos.hr\/en\/wp-json\/wp\/v2\/pages\/54\/revisions"}],"predecessor-version":[{"id":172,"href":"https:\/\/qos.hr\/en\/wp-json\/wp\/v2\/pages\/54\/revisions\/172"}],"wp:attachment":[{"href":"https:\/\/qos.hr\/en\/wp-json\/wp\/v2\/media?parent=54"}],"curies":[{"name":"wp","href":"https:\/\/api.w.org\/{rel}","templated":true}]}}