{"id":51,"date":"2021-03-11T08:29:13","date_gmt":"2021-03-11T08:29:13","guid":{"rendered":"https:\/\/qos.hr\/?page_id=51"},"modified":"2021-08-15T10:49:53","modified_gmt":"2021-08-15T10:49:53","slug":"home","status":"publish","type":"page","link":"https:\/\/qos.hr\/en\/","title":{"rendered":"Home"},"content":{"rendered":"<p>[et_pb_section fb_built=&#8221;1&#8243; _builder_version=&#8221;4.9.1&#8243; _module_preset=&#8221;default&#8221; background_color=&#8221;gcid-d6449a91-22c7-4c6e-ad3a-8bb40e845f6a&#8221; custom_margin=&#8221;||||false|false&#8221; custom_padding=&#8221;||||false|false&#8221; global_colors_info=&#8221;{%22gcid-d6449a91-22c7-4c6e-ad3a-8bb40e845f6a%22:%91%22background_color%22%93,%22gcid-13dd02e0-e35c-4d4a-86ca-5f5e7bce527c%22:%91%93,%22gcid-3ba3a316-533d-4a21-86c5-bd05f87f1309%22:%91%93}&#8221;][et_pb_row _builder_version=&#8221;4.9.1&#8243; _module_preset=&#8221;default&#8221; background_color=&#8221;gcid-d6449a91-22c7-4c6e-ad3a-8bb40e845f6a&#8221; background_enable_color=&#8221;off&#8221; custom_margin=&#8221;|auto||auto|false|false&#8221; custom_padding=&#8221;||||false|false&#8221; global_colors_info=&#8221;{%22gcid-d6449a91-22c7-4c6e-ad3a-8bb40e845f6a%22:%91%22background_color%22%93}&#8221;][et_pb_column type=&#8221;4_4&#8243; _builder_version=&#8221;4.9.1&#8243; _module_preset=&#8221;default&#8221;][et_pb_text _builder_version=&#8221;4.9.2&#8243; _module_preset=&#8221;default&#8221; text_font=&#8221;Armata||||||||&#8221; text_text_color=&#8221;gcid-13dd02e0-e35c-4d4a-86ca-5f5e7bce527c&#8221; header_2_font=&#8221;Armata||||||||&#8221; header_2_text_color=&#8221;gcid-13dd02e0-e35c-4d4a-86ca-5f5e7bce527c&#8221; background_color=&#8221;gcid-d6449a91-22c7-4c6e-ad3a-8bb40e845f6a&#8221; custom_margin=&#8221;||||false|false&#8221; custom_padding=&#8221;||||false|false&#8221; global_colors_info=&#8221;{%22gcid-d6449a91-22c7-4c6e-ad3a-8bb40e845f6a%22:%91%22background_color%22%93,%22gcid-13dd02e0-e35c-4d4a-86ca-5f5e7bce527c%22:%91%22header_2_text_color%22,%22text_text_color%22%93}&#8221;]<\/p>\n<h2>WHO ARE WE?<\/h2>\n<p>Desetlje\u0107ima duga strast prema tehnologiji te \u017eelja da na\u0161im znanjem pomognemo Vama, dalo nam je ideju da 2020. godine pokrenemo QoS.<\/p>\n<p>QoS, eng. Quality of service (&#8220;Kvaliteta usluge&#8221;) je pojam koji ozna\u010dava kvalitetu tehnolo\u0161kih pojmova te koliko \u0107e ta kvaliteta utjecati na njihove performanse.<\/p>\n<p>Preko 10 godina iskustva u svim aspektima informacijske tehnologije omogu\u0107ava nam brz i kvalitetan rad kako bi Vam mogli pru\u017eiti uslugu koje zaslu\u017eujete.<\/p>\n<h2><\/h2>\n<h2><\/h2>\n<h2>GET A DISCOUNT!<\/h2>\n<p><span>Podijelite Va\u0161e iskustvo sa QoS uslugama na na\u0161oj Facebook stranici te ostvarite 10% popusta pri sljede\u0107oj kupnji.<\/span><\/p>\n<h2><\/h2>\n<h2><\/h2>\n<h2>WHERE ARE WE?<\/h2>\n<p><span>Na\u0161e fizi\u010dke usluge se trenutno mogu rezervirati diljem Zagreba i okolice, a na\u0161e online usluge dostupne su diljem svijeta.<\/span><\/p>\n<p>[\/et_pb_text][\/et_pb_column][\/et_pb_row][\/et_pb_section]<\/p>","protected":false},"excerpt":{"rendered":"<p>TKO SMO MI? Desetlje\u0107ima duga strast prema tehnologiji te \u017eelja da na\u0161im znanjem pomognemo Vama, dalo nam je ideju da 2020. godine pokrenemo QoS. QoS, eng. Quality of service (&#8220;Kvaliteta usluge&#8221;) je pojam koji ozna\u010dava kvalitetu tehnolo\u0161kih pojmova te koliko \u0107e ta kvaliteta utjecati na njihove performanse. Preko 10 godina iskustva u svim aspektima informacijske [&hellip;]<\/p>","protected":false},"author":1,"featured_media":0,"parent":0,"menu_order":0,"comment_status":"closed","ping_status":"closed","template":"","meta":{"_et_pb_use_builder":"on","_et_pb_old_content":"","_et_gb_content_width":""},"_links":{"self":[{"href":"https:\/\/qos.hr\/en\/wp-json\/wp\/v2\/pages\/51"}],"collection":[{"href":"https:\/\/qos.hr\/en\/wp-json\/wp\/v2\/pages"}],"about":[{"href":"https:\/\/qos.hr\/en\/wp-json\/wp\/v2\/types\/page"}],"author":[{"embeddable":true,"href":"https:\/\/qos.hr\/en\/wp-json\/wp\/v2\/users\/1"}],"replies":[{"embeddable":true,"href":"https:\/\/qos.hr\/en\/wp-json\/wp\/v2\/comments?post=51"}],"version-history":[{"count":14,"href":"https:\/\/qos.hr\/en\/wp-json\/wp\/v2\/pages\/51\/revisions"}],"predecessor-version":[{"id":149,"href":"https:\/\/qos.hr\/en\/wp-json\/wp\/v2\/pages\/51\/revisions\/149"}],"wp:attachment":[{"href":"https:\/\/qos.hr\/en\/wp-json\/wp\/v2\/media?parent=51"}],"curies":[{"name":"wp","href":"https:\/\/api.w.org\/{rel}","templated":true}]}}